{"id":255,"date":"2018-04-04T14:18:24","date_gmt":"2018-04-04T14:18:24","guid":{"rendered":"http:\/\/digitalisiere.jetzt\/?page_id=255"},"modified":"2018-05-01T12:28:32","modified_gmt":"2018-05-01T12:28:32","slug":"makerslab","status":"publish","type":"page","link":"https:\/\/digitalisiere.jetzt\/en\/makerslab\/","title":{"rendered":"MakersLab"},"content":{"rendered":"<h3>Das Betriebssystem f\u00fcr deinen Makerspace. Nat\u00fcrlich Cloud-basiert.<\/h3>\n<p>MakersLab ist ein durchg\u00e4ngiges System, mit dem Sie Ihren gesamten Makerspace vom \u00d6ffnen der T\u00fcr bis zum Versand der Rechnung an die Benutzer steuern k\u00f6nnen.<\/p>\n<p>Mit Hilfe von einem kleinen MLC (MakersLabConnector), der sich lokal in Ihrem Netzwerk befindet, k\u00f6nnen wir ein vollst\u00e4ndig verwaltetes System zur Steuerung aller Ihrer Maschinen errichten.<br \/>\nMaschinen werden per Software ein- und ausgeschaltet und beim Ausschalten automatisch abgerechnet.<\/p>\n<p>3D-Drucke k\u00f6nnen automatisch gesliced werden, wenn Sie STL-Dateien hochladen oder einfach ausgedruckt werden, wenn Sie G-Code hochladen. All dies kann auch aus der Ferne erfolgen und Sie haben dabei volle Kontrolle \u00fcber ihre Drucke. Die beinhaltet auch das WebCam-Bild ihres aktuellen Drucks.<\/p>\n<p>Mit einer Integration in ein T\u00fcr\u00f6ffnungssystem k\u00f6nnen wir dem Benutzer die M\u00f6glichkeit geben, die T\u00fcr des Labs in dem Zeitraum zu \u00f6ffnen, in dem er es tun darf.<\/p>\n<style type=\"text\/css\" scoped>.rbs_gallery_69d0f51ca5635Spinner{\r\n\t\t\t\tmargin: 50px auto;\r\n\t\t\t\twidth: 50px;\r\n\t\t\t\theight: 40px;\r\n\t\t\t\ttext-align: center;\r\n\t\t\t\tfont-size: 10px;\r\n\t\t\t}\r\n\t\t\t.rbs_gallery_69d0f51ca5635Spinner > div{\r\n\t\t\t  background-color: #333;\r\n\t\t\t  height: 100%;\r\n\t\t\t  width: 6px;\r\n\t\t\t  display: inline-block;\r\n\t\t\t  -webkit-animation: rbs_gallery_69d0f51ca5635-stretchdelay 1.2s infinite ease-in-out;\r\n\t\t\t  animation: rbs_gallery_69d0f51ca5635-stretchdelay 1.2s infinite ease-in-out;\r\n\t\t\t}\r\n\t\t\t.rbs_gallery_69d0f51ca5635Spinner .rbs_gallery_69d0f51ca5635Rect2 {\r\n\t\t\t  -webkit-animation-delay: -1.1s;\r\n\t\t\t  animation-delay: -1.1s;\r\n\t\t\t}\r\n\t\t\t.rbs_gallery_69d0f51ca5635Spinner .rbs_gallery_69d0f51ca5635Rect3 {\r\n\t\t\t  -webkit-animation-delay: -1.0s;\r\n\t\t\t  animation-delay: -1.0s;\r\n\t\t\t}\r\n\t\t\t.rbs_gallery_69d0f51ca5635Spinner .rbs_gallery_69d0f51ca5635Rect4 {\r\n\t\t\t  -webkit-animation-delay: -0.9s;\r\n\t\t\t  animation-delay: -0.9s;\r\n\t\t\t}\r\n\t\t\t.rbs_gallery_69d0f51ca5635Spinner .rbs_gallery_69d0f51ca5635Rect5 {\r\n\t\t\t  -webkit-animation-delay: -0.8s;\r\n\t\t\t  animation-delay: -0.8s;\r\n\t\t\t}\r\n\t\t\t@-webkit-keyframes rbs_gallery_69d0f51ca5635-stretchdelay {\r\n\t\t\t  0%, 40%, 100% { -webkit-transform: scaleY(0.4) }  \r\n\t\t\t  20% { -webkit-transform: scaleY(1.0) }\r\n\t\t\t}\r\n\t\t\t@keyframes rbs_gallery_69d0f51ca5635-stretchdelay {\r\n\t\t\t  0%, 40%, 100% { \r\n\t\t\t    transform: scaleY(0.4);\r\n\t\t\t    -webkit-transform: scaleY(0.4);\r\n\t\t\t  }  20% { \r\n\t\t\t    transform: scaleY(1.0);\r\n\t\t\t    -webkit-transform: scaleY(1.0);\r\n\t\t\t  }\r\n\t\t\t}\r\n\t\t<\/style><div class=\"robo-gallery-wrap robo-gallery-wrap-id258 robo-gallery-\" ><div id=\"rbs_gallery_69d0f51ca5635-block-loader\" class=\"rbs_gallery_69d0f51ca5635Spinner\"><div class=\"rbs_gallery_69d0f51ca5635Rect1\"><\/div> <div class=\"rbs_gallery_69d0f51ca5635Rect2\"><\/div> <div class=\"rbs_gallery_69d0f51ca5635Rect3\"><\/div> <div class=\"rbs_gallery_69d0f51ca5635Rect4\"><\/div> <div class=\"rbs_gallery_69d0f51ca5635Rect5\"><\/div><\/div><div class=\"rbs_gallery_button  rbs_gallery_align_left\" id=\"rbs_gallery_69d0f51ca5635filter\" style=\" display: none;\" ><\/div><div id=\"robo_gallery_main_block_rbs_gallery_69d0f51ca5635\" class=\"robogallery-gallery-258\" style=\"width:100%;  display: none;\"><div id=\"rbs_gallery_69d0f51ca5635\" data-options=\"rbs_gallery_69d0f51ca5635\" style=\"width:100%;\" class=\"robo_gallery  \"><div class=\"rbs-img  category258 \" ><div class=\"rbs-img-image   rbs-lightbox \"  data-descbox=\"Die Anmeldung erm\u00f6glicht auch die automatische Erstellung neuer Benutzer (ohne Rechte zum Verwalten von Ressourcen)\" ><div class=\"rbs-img-thumbs\"  data-thumbnail=\"https:\/\/digitalisiere.jetzt\/wp-content\/uploads\/2018\/04\/Bildschirmfoto-2018-04-05-um-09.26.31-300x176.png\"  title=\"Login\"  data-width=\"240\"  data-height=\"140\" ><\/div><div class=\"rbs-img-data-popup\"  data-popup=\"https:\/\/digitalisiere.jetzt\/wp-content\/uploads\/2018\/04\/Bildschirmfoto-2018-04-05-um-09.26.31-e1522914534138.png\"  title=\"Login\" ><\/div><div class=\"thumbnail-overlay\"><div class=\"rbsTitle \">Login<\/div><div class=\"rbsIcons\"><i class=\"fa fa-search-plus rbsZoomIcon \" ><\/i><\/div><\/div><\/div><div class=\"rbs-img-content\">Die Anmeldung erm\u00f6glicht auch die automatische Erstellung neuer Benutzer (ohne Rechte zum Verwalten von Ressourcen)<\/div><\/div><div class=\"rbs-img  category258 \" ><div class=\"rbs-img-image   rbs-lightbox \"  data-descbox=\"Zeige alle Maschinen und ihren aktuellen Status inkl. gesch\u00e4tzte verbleibende Druckzeiten sowie die n\u00e4chste Reservierung\" ><div class=\"rbs-img-thumbs\"  data-thumbnail=\"https:\/\/digitalisiere.jetzt\/wp-content\/uploads\/2018\/04\/Bildschirmfoto-2018-04-04-um-15.40.27-1-300x176.png\"  title=\"Machinen\"  data-width=\"240\"  data-height=\"140\" ><\/div><div class=\"rbs-img-data-popup\"  data-popup=\"https:\/\/digitalisiere.jetzt\/wp-content\/uploads\/2018\/04\/Bildschirmfoto-2018-04-04-um-15.40.27-1-e1522914566262.png\"  title=\"Machinen\" ><\/div><div class=\"thumbnail-overlay\"><div class=\"rbsTitle \">Machinen<\/div><div class=\"rbsIcons\"><i class=\"fa fa-search-plus rbsZoomIcon \" ><\/i><\/div><\/div><\/div><div class=\"rbs-img-content\">Zeige alle Maschinen und ihren aktuellen Status inkl. gesch\u00e4tzte verbleibende Druckzeiten sowie die n\u00e4chste Reservierung<\/div><\/div><div class=\"rbs-img  category258 \" ><div class=\"rbs-img-image   rbs-lightbox \"  data-descbox=\"Erstellen Sie die Buchung, indem Sie das Ger\u00e4t einschalten oder die Buchung durch Ausschalten abbrechen. Das Ger\u00e4t selbst wird automatisch ein- und ausgeschaltet\" ><div class=\"rbs-img-thumbs\"  data-thumbnail=\"https:\/\/digitalisiere.jetzt\/wp-content\/uploads\/2018\/04\/Bildschirmfoto-2018-04-04-um-15.40.40-1-300x176.png\"  title=\"3D Drucker vor dem Einschalten\"  data-width=\"240\"  data-height=\"140\" ><\/div><div class=\"rbs-img-data-popup\"  data-popup=\"https:\/\/digitalisiere.jetzt\/wp-content\/uploads\/2018\/04\/Bildschirmfoto-2018-04-04-um-15.40.40-1-e1522914579285.png\"  title=\"3D Drucker vor dem Einschalten\" ><\/div><div class=\"thumbnail-overlay\"><div class=\"rbsTitle \">3D Drucker vor dem Einschalten<\/div><div class=\"rbsIcons\"><i class=\"fa fa-search-plus rbsZoomIcon \" ><\/i><\/div><\/div><\/div><div class=\"rbs-img-content\">Erstellen Sie die Buchung, indem Sie das Ger\u00e4t einschalten oder die Buchung durch Ausschalten abbrechen. Das Ger\u00e4t selbst wird automatisch ein- und ausgeschaltet<\/div><\/div><div class=\"rbs-img  category258 \" ><div class=\"rbs-img-image   rbs-lightbox \"  data-descbox=\"Dank der engen Integration mit Octoprint k\u00f6nnen Sie das Webcam-Bild Ihres Drucks sehen und Ihren Druck steuern. Der Datei-Upload mit STL wird automatisch geschnitten.\" ><div class=\"rbs-img-thumbs\"  data-thumbnail=\"https:\/\/digitalisiere.jetzt\/wp-content\/uploads\/2018\/04\/Bildschirmfoto-2018-04-04-um-15.40.58-1-300x177.png\"  title=\"3D Drucker Kontrolle\"  data-width=\"240\"  data-height=\"140\" ><\/div><div class=\"rbs-img-data-popup\"  data-popup=\"https:\/\/digitalisiere.jetzt\/wp-content\/uploads\/2018\/04\/Bildschirmfoto-2018-04-04-um-15.40.58-1-e1522914591384.png\"  title=\"3D Drucker Kontrolle\" ><\/div><div class=\"thumbnail-overlay\"><div class=\"rbsTitle \">3D Drucker Kontrolle<\/div><div class=\"rbsIcons\"><i class=\"fa fa-search-plus rbsZoomIcon \" ><\/i><\/div><\/div><\/div><div class=\"rbs-img-content\">Dank der engen Integration mit Octoprint k\u00f6nnen Sie das Webcam-Bild Ihres Drucks sehen und Ihren Druck steuern. Der Datei-Upload mit STL wird automatisch geschnitten.<\/div><\/div><div class=\"rbs-img  category258 \" ><div class=\"rbs-img-image   rbs-lightbox \"  data-descbox=\"Sehen und teilen Sie Ihre gedruckten Dateien mit Vorschau.\" ><div class=\"rbs-img-thumbs\"  data-thumbnail=\"https:\/\/digitalisiere.jetzt\/wp-content\/uploads\/2018\/04\/Bildschirmfoto-2018-04-04-um-15.42.16-1-300x176.png\"  title=\"Dateien\"  data-width=\"240\"  data-height=\"140\" ><\/div><div class=\"rbs-img-data-popup\"  data-popup=\"https:\/\/digitalisiere.jetzt\/wp-content\/uploads\/2018\/04\/Bildschirmfoto-2018-04-04-um-15.42.16-1-e1522914603943.png\"  title=\"Dateien\" ><\/div><div class=\"thumbnail-overlay\"><div class=\"rbsTitle \">Dateien<\/div><div class=\"rbsIcons\"><i class=\"fa fa-search-plus rbsZoomIcon \" ><\/i><\/div><\/div><\/div><div class=\"rbs-img-content\">Sehen und teilen Sie Ihre gedruckten Dateien mit Vorschau.<\/div><\/div><div class=\"rbs-img  category258 \" ><div class=\"rbs-img-image   rbs-lightbox \"  data-descbox=\"Erstellen Sie die Buchung, indem Sie das Ger\u00e4t einschalten oder die Buchung durch Ausschalten abbrechen. Das Ger\u00e4t selbst wird automatisch ein- und ausgeschaltet\" ><div class=\"rbs-img-thumbs\"  data-thumbnail=\"https:\/\/digitalisiere.jetzt\/wp-content\/uploads\/2018\/04\/Bildschirmfoto-2018-04-04-um-15.41.17-1-300x177.png\"  title=\"Normale Maschine\"  data-width=\"240\"  data-height=\"140\" ><\/div><div class=\"rbs-img-data-popup\"  data-popup=\"https:\/\/digitalisiere.jetzt\/wp-content\/uploads\/2018\/04\/Bildschirmfoto-2018-04-04-um-15.41.17-1-e1522914612818.png\"  title=\"Normale Maschine\" ><\/div><div class=\"thumbnail-overlay\"><div class=\"rbsTitle \">Normale Maschine<\/div><div class=\"rbsIcons\"><i class=\"fa fa-search-plus rbsZoomIcon \" ><\/i><\/div><\/div><\/div><div class=\"rbs-img-content\">Erstellen Sie die Buchung, indem Sie das Ger\u00e4t einschalten oder die Buchung durch Ausschalten abbrechen. Das Ger\u00e4t selbst wird automatisch ein- und ausgeschaltet<\/div><\/div><div class=\"rbs-img  category258 \" ><div class=\"rbs-img-image   rbs-lightbox \"  data-descbox=\"Buchung oder Reservierung von R\u00e4umen\" ><div class=\"rbs-img-thumbs\"  data-thumbnail=\"https:\/\/digitalisiere.jetzt\/wp-content\/uploads\/2018\/04\/Bildschirmfoto-2018-04-04-um-15.41.43-1-300x177.png\"  title=\"R\u00e4ume\"  data-width=\"240\"  data-height=\"140\" ><\/div><div class=\"rbs-img-data-popup\"  data-popup=\"https:\/\/digitalisiere.jetzt\/wp-content\/uploads\/2018\/04\/Bildschirmfoto-2018-04-04-um-15.41.43-1-e1522914628629.png\"  title=\"R\u00e4ume\" ><\/div><div class=\"thumbnail-overlay\"><div class=\"rbsTitle \">R\u00e4ume<\/div><div class=\"rbsIcons\"><i class=\"fa fa-search-plus rbsZoomIcon \" ><\/i><\/div><\/div><\/div><div class=\"rbs-img-content\">Buchung oder Reservierung von R\u00e4umen<\/div><\/div><div class=\"rbs-img  category258 \" ><div class=\"rbs-img-image   rbs-lightbox \"  data-descbox=\"\u00dcbersicht \u00fcber Ihre Buchungen und Reservierungen\" ><div class=\"rbs-img-thumbs\"  data-thumbnail=\"https:\/\/digitalisiere.jetzt\/wp-content\/uploads\/2018\/04\/Bildschirmfoto-2018-04-04-um-15.42.27-1-300x177.png\"  title=\"Kosten-\u00dcbersicht\"  data-width=\"240\"  data-height=\"140\" ><\/div><div class=\"rbs-img-data-popup\"  data-popup=\"https:\/\/digitalisiere.jetzt\/wp-content\/uploads\/2018\/04\/Bildschirmfoto-2018-04-04-um-15.42.27-1-e1522914640588.png\"  title=\"Kosten-\u00dcbersicht\" ><\/div><div class=\"thumbnail-overlay\"><div class=\"rbsTitle \">Kosten-\u00dcbersicht<\/div><div class=\"rbsIcons\"><i class=\"fa fa-search-plus rbsZoomIcon \" ><\/i><\/div><\/div><\/div><div class=\"rbs-img-content\">\u00dcbersicht \u00fcber Ihre Buchungen und Reservierungen<\/div><\/div><div class=\"rbs-img  category258 \" ><div class=\"rbs-img-image   rbs-lightbox \"  data-descbox=\"Download und Ansicht ihrer erzeugten Rechnungen\" ><div class=\"rbs-img-thumbs\"  data-thumbnail=\"https:\/\/digitalisiere.jetzt\/wp-content\/uploads\/2018\/04\/Bildschirmfoto-2018-04-04-um-15.42.38-1-300x177.png\"  title=\"Rechnungen\"  data-width=\"240\"  data-height=\"140\" ><\/div><div class=\"rbs-img-data-popup\"  data-popup=\"https:\/\/digitalisiere.jetzt\/wp-content\/uploads\/2018\/04\/Bildschirmfoto-2018-04-04-um-15.42.38-1-e1522914652957.png\"  title=\"Rechnungen\" ><\/div><div class=\"thumbnail-overlay\"><div class=\"rbsTitle \">Rechnungen<\/div><div class=\"rbsIcons\"><i class=\"fa fa-search-plus rbsZoomIcon \" ><\/i><\/div><\/div><\/div><div class=\"rbs-img-content\">Download und Ansicht ihrer erzeugten Rechnungen<\/div><\/div><div class=\"rbs-img  category258 \" ><div class=\"rbs-img-image   rbs-lightbox \"  data-descbox=\"Sie k\u00f6nnen PDF-Rechnungen f\u00fcr alle Benutzer gleichzeitig erstellen, die in Ihr Corporate Design und Ihre gesetzlichen Anforderungen passen\" ><div class=\"rbs-img-thumbs\"  data-thumbnail=\"https:\/\/digitalisiere.jetzt\/wp-content\/uploads\/2018\/04\/Bildschirmfoto-2018-04-04-um-15.44.13-218x300.png\"  title=\"Autogenerated PDF Invoice\"  data-width=\"240\"  data-height=\"140\" ><\/div><div class=\"rbs-img-data-popup\"  data-popup=\"https:\/\/digitalisiere.jetzt\/wp-content\/uploads\/2018\/04\/Bildschirmfoto-2018-04-04-um-15.44.13.png\"  title=\"Autogenerated PDF Invoice\" ><\/div><div class=\"thumbnail-overlay\"><div class=\"rbsTitle \">Autogenerated PDF Invoice<\/div><div class=\"rbsIcons\"><i class=\"fa fa-search-plus rbsZoomIcon \" ><\/i><\/div><\/div><\/div><div class=\"rbs-img-content\">Sie k\u00f6nnen PDF-Rechnungen f\u00fcr alle Benutzer gleichzeitig erstellen, die in Ihr Corporate Design und Ihre gesetzlichen Anforderungen passen<\/div><\/div><\/div><\/div><\/div><script>var rbs_gallery_69d0f51ca5635 = {\"version\":\"5.1.4\",\"id\":258,\"class\":\"id258\",\"roboGalleryDelay\":1000,\"mainContainer\":\"#robo_gallery_main_block_rbs_gallery_69d0f51ca5635\",\"loadingContainer\":\"#rbs_gallery_69d0f51ca5635-block-loader\",\"loadingContainerObj\":\"rbs_gallery_69d0f51ca5635-block-loader\",\"columnWidth\":\"auto\",\"columns\":3,\"resolutions\":[{\"columnWidth\":\"auto\",\"columns\":3,\"maxWidth\":960},{\"columnWidth\":\"auto\",\"columns\":2,\"maxWidth\":650},{\"columnWidth\":\"auto\",\"columns\":1,\"maxWidth\":450}],\"descBox\":true,\"descBoxClass\":\"rbs_desc_panel_light\",\"lightboxOptions\":{\"gallery\":{\"enabled\":true,\"tCounter\":\"%curr% of %total%\"}},\"overlayEffect\":\"direction-aware-fade\",\"boxesToLoadStart\":12,\"boxesToLoad\":8,\"waitUntilThumbLoads\":1,\"LoadingWord\":\"Loading...\",\"loadMoreWord\":\"Load More\",\"noMoreEntriesWord\":\"No More Entries\",\"horizontalSpaceBetweenBoxes\":15,\"verticalSpaceBetweenBoxes\":15,\"lazyLoad\":1,\"wrapContainer\":\"#robo-gallery-wrap-rbs_gallery_69d0f51ca5635\",\"filterContainer\":\"#rbs_gallery_69d0f51ca5635filter\",\"loadMoreClass\":\"button-border-caution \"};<\/script>\n","protected":false},"excerpt":{"rendered":"<p>Das Betriebssystem f\u00fcr deinen Makerspace. Nat\u00fcrlich Cloud-basiert. MakersLab ist ein durchg\u00e4ngiges System, mit dem Sie Ihren gesamten Makerspace vom \u00d6ffnen der T\u00fcr bis zum Versand der Rechnung an die Benutzer steuern k\u00f6nnen. Mit Hilfe von einem kleinen MLC (MakersLabConnector), der sich lokal in Ihrem Netzwerk befindet, k\u00f6nnen wir ein vollst\u00e4ndig verwaltetes System zur Steuerung aller [&hellip;]<\/p>\n","protected":false},"author":2,"featured_media":0,"parent":0,"menu_order":0,"comment_status":"closed","ping_status":"closed","template":"","meta":{"footnotes":""},"class_list":["post-255","page","type-page","status-publish","hentry"],"aioseo_notices":[],"_links":{"self":[{"href":"https:\/\/digitalisiere.jetzt\/en\/wp-json\/wp\/v2\/pages\/255","targetHints":{"allow":["GET"]}}],"collection":[{"href":"https:\/\/digitalisiere.jetzt\/en\/wp-json\/wp\/v2\/pages"}],"about":[{"href":"https:\/\/digitalisiere.jetzt\/en\/wp-json\/wp\/v2\/types\/page"}],"author":[{"embeddable":true,"href":"https:\/\/digitalisiere.jetzt\/en\/wp-json\/wp\/v2\/users\/2"}],"replies":[{"embeddable":true,"href":"https:\/\/digitalisiere.jetzt\/en\/wp-json\/wp\/v2\/comments?post=255"}],"version-history":[{"count":9,"href":"https:\/\/digitalisiere.jetzt\/en\/wp-json\/wp\/v2\/pages\/255\/revisions"}],"predecessor-version":[{"id":371,"href":"https:\/\/digitalisiere.jetzt\/en\/wp-json\/wp\/v2\/pages\/255\/revisions\/371"}],"wp:attachment":[{"href":"https:\/\/digitalisiere.jetzt\/en\/wp-json\/wp\/v2\/media?parent=255"}],"curies":[{"name":"wp","href":"https:\/\/api.w.org\/{rel}","templated":true}]}}